{"id":402,"date":"2022-06-21T23:54:07","date_gmt":"2022-06-22T02:54:07","guid":{"rendered":"https:\/\/loja.droneops.com.br\/?post_type=product&#038;p=402"},"modified":"2023-07-22T14:06:11","modified_gmt":"2023-07-22T17:06:11","slug":"vant-dji-air-2s-fly-more-combo","status":"publish","type":"product","link":"https:\/\/loja.droneops.com.br\/?product=vant-dji-air-2s-fly-more-combo","title":{"rendered":"VANT DJI Air 2S Fly More Combo"},"content":{"rendered":"<div id=\"specs-nav\" class=\"specs-page\">\n<div class=\"specs-title-wrap\">\n<h1 class=\"specs-title\">ESPECIFICA\u00c7\u00d5ES<\/h1>\n<\/div>\n<\/div>\n<section class=\"section-specs\">\n<div class=\"container\"><\/div>\n<section class=\"select-list\">\n<div id=\"air-2s-specs\" class=\"select-content\">\n<div class=\"core-parameter-wrap\">\n<div class=\"specs-container\">\n<div class=\"core-parameter-content\">\n<div class=\"core-parameter-list\">\n<div class=\"core-argument\"><\/div>\n<\/div>\n<\/div>\n<\/div>\n<\/div>\n<div class=\"detailed-parameter-wrap\">\n<div class=\"specs-container\">\n<div class=\"specs-parameter-wrap\">\n<h3 class=\"group-list-title\">AERONAVE<\/h3>\n<ul class=\"detailed-parameter-list\">\n<li class=\"detailed-parameter-key\">\n<h4>Peso de decolagem<\/h4>\n<\/li>\n<li class=\"detailed-parameter\">\n<div class=\"detailed-parameter-value\">595\u00a0g<\/div>\n<\/li>\n<\/ul>\n<ul class=\"detailed-parameter-list\">\n<li class=\"detailed-parameter-key\">\n<h4>Dimens\u00f5es<\/h4>\n<\/li>\n<li class=\"detailed-parameter\">\n<div class=\"detailed-parameter-value\">Dobrada:<br \/>\n180\u00d797\u00d777 mm (comprimento\u00d7espessura\u00d7altura)<br \/>\nDesdobrada:<br \/>\n183\u00d7253\u00d777 mm (comprimento\u00d7espessura\u00d7altura)<\/div>\n<\/li>\n<\/ul>\n<ul class=\"detailed-parameter-list\">\n<li class=\"detailed-parameter-key\">\n<h4>Comprimento diagonal<\/h4>\n<\/li>\n<li class=\"detailed-parameter\">\n<div class=\"detailed-parameter-value\">302 mm<\/div>\n<\/li>\n<\/ul>\n<ul class=\"detailed-parameter-list\">\n<li class=\"detailed-parameter-key\">\n<h4>Velocidade m\u00e1x. de ascens\u00e3o<\/h4>\n<\/li>\n<li class=\"detailed-parameter\">\n<div class=\"detailed-parameter-value\">6 m\/s (modo S)<br \/>\n6 m\/s (modo N)<\/div>\n<\/li>\n<\/ul>\n<ul class=\"detailed-parameter-list\">\n<li class=\"detailed-parameter-key\">\n<h4>Velocidade m\u00e1x. de descens\u00e3o<\/h4>\n<\/li>\n<li class=\"detailed-parameter\">\n<div class=\"detailed-parameter-value\">6 m\/s (modo S)<br \/>\n6 m\/s (modo N)<\/div>\n<\/li>\n<\/ul>\n<ul class=\"detailed-parameter-list\">\n<li class=\"detailed-parameter-key\">\n<h4>Altura m\u00e1x. de servi\u00e7o acima do n\u00edvel do mar<\/h4>\n<\/li>\n<li class=\"detailed-parameter\">\n<div class=\"detailed-parameter-value\">5000 m<\/div>\n<\/li>\n<\/ul>\n<ul class=\"detailed-parameter-list\">\n<li class=\"detailed-parameter-key\">\n<h4>Tempo m\u00e1x. de voo (sem vento)<\/h4>\n<\/li>\n<li class=\"detailed-parameter\">\n<div class=\"detailed-parameter-value\">31 minutos<\/div>\n<\/li>\n<\/ul>\n<ul class=\"detailed-parameter-list\">\n<li class=\"detailed-parameter-key\">\n<h4>Tempo m\u00e1x. de voo estacion\u00e1rio (sem vento)<\/h4>\n<\/li>\n<li class=\"detailed-parameter\">\n<div class=\"detailed-parameter-value\">30 minutos<\/div>\n<\/li>\n<\/ul>\n<ul class=\"detailed-parameter-list\">\n<li class=\"detailed-parameter-key\">\n<h4>Dist\u00e2ncia m\u00e1x. de voo (sem vento)<\/h4>\n<\/li>\n<li class=\"detailed-parameter\">\n<div class=\"detailed-parameter-value\">18,5 km<\/div>\n<\/li>\n<\/ul>\n<ul class=\"detailed-parameter-list\">\n<li class=\"detailed-parameter-key\">\n<h4>Velocidade m\u00e1x. de voo (pr\u00f3xima ao n\u00edvel do mar, sem vento)<\/h4>\n<\/li>\n<li class=\"detailed-parameter\">\n<div class=\"detailed-parameter-value\">19 m\/s (modo S)<br \/>\n15 m\/s (modo N)<br \/>\n5 m\/s (modo C)<\/div>\n<\/li>\n<\/ul>\n<ul class=\"detailed-parameter-list\">\n<li class=\"detailed-parameter-key\">\n<h4>Resist\u00eancia m\u00e1x. ao vento<\/h4>\n<\/li>\n<li class=\"detailed-parameter\">\n<div class=\"detailed-parameter-value\">10,7\u00a0m\/s<\/div>\n<\/li>\n<\/ul>\n<ul class=\"detailed-parameter-list\">\n<li class=\"detailed-parameter-key\">\n<h4>\u00c2ngulo de inclina\u00e7\u00e3o m\u00e1x.<\/h4>\n<\/li>\n<li class=\"detailed-parameter\">\n<div class=\"detailed-parameter-value\">35\u00b0 (Modo S)<br \/>\nFrontal: 30\u00b0<br \/>\nTraseiro: 20\u00b0<br \/>\nEsquerdo: 35\u00b0<br \/>\nDireito: 35\u00b0 (Modo N)<\/div>\n<\/li>\n<\/ul>\n<ul class=\"detailed-parameter-list\">\n<li class=\"detailed-parameter-key\">\n<h4>Velocidade angular m\u00e1x.<\/h4>\n<\/li>\n<li class=\"detailed-parameter\">\n<div class=\"detailed-parameter-value\">250\u00b0\/s (Modo S)<br \/>\n90\u00b0\/s (Modo N)<br \/>\n60\u00b0\/s (Modo C)<\/div>\n<\/li>\n<\/ul>\n<ul class=\"detailed-parameter-list\">\n<li class=\"detailed-parameter-key\">\n<h4>Alcance da temperatura de funcionamento<\/h4>\n<\/li>\n<li class=\"detailed-parameter\">\n<div class=\"detailed-parameter-value\">0\u00b0 a 40 \u00b0C<\/div>\n<\/li>\n<\/ul>\n<ul class=\"detailed-parameter-list\">\n<li class=\"detailed-parameter-key\">\n<h4>Frequ\u00eancias de funcionamento<\/h4>\n<\/li>\n<li class=\"detailed-parameter\">\n<div class=\"detailed-parameter-value\">2,4 GHz<br \/>\n5,8 GHz<\/div>\n<\/li>\n<\/ul>\n<ul class=\"detailed-parameter-list\">\n<li class=\"detailed-parameter-key\">\n<h4>Pot\u00eancia de transmiss\u00e3o (EIRP)<\/h4>\n<\/li>\n<li class=\"detailed-parameter\">\n<div class=\"detailed-parameter-value\">2,4 GHz:<br \/>\nFCC: \u226430 dBm<br \/>\nCE: \u226420 dBm<br \/>\nSRRC: \u226420 dBm<br \/>\nMIC: \u226420 dBm<br \/>\n5,8 GHz:<br \/>\nFCC: \u226430 dBm<br \/>\nCE: \u226414 dBm<br \/>\nSRRC: \u226429 dBm<\/div>\n<\/li>\n<\/ul>\n<ul class=\"detailed-parameter-list\">\n<li class=\"detailed-parameter-key\">\n<h4>Alcance de precis\u00e3o em voo estacion\u00e1rio<\/h4>\n<\/li>\n<li class=\"detailed-parameter\">\n<div class=\"detailed-parameter-value\">Vertical:<br \/>\n\u00b1 0,1 m (com posicionamento visual)<br \/>\n\u00b1 0,5 m (com posicionamento por GNSS)<br \/>\nHorizontal:<br \/>\n\u00b1 0,1 m (com posicionamento visual)<br \/>\n\u00b1 1,5 m (com posicionamento por GNSS)<\/div>\n<\/li>\n<\/ul>\n<ul class=\"detailed-parameter-list\">\n<li class=\"detailed-parameter-key\">\n<h4>H\u00e9lices<\/h4>\n<\/li>\n<li class=\"detailed-parameter\">\n<div class=\"detailed-parameter-value\">R\u00e1pida libera\u00e7\u00e3o\/redu\u00e7\u00e3o de ru\u00eddos\/dobr\u00e1veis<\/div>\n<\/li>\n<\/ul>\n<ul class=\"detailed-parameter-list\">\n<li class=\"detailed-parameter-key\">\n<h4>Bra\u00e7os da aeronave<\/h4>\n<\/li>\n<li class=\"detailed-parameter\">\n<div class=\"detailed-parameter-value\">Dobr\u00e1vel<\/div>\n<\/li>\n<\/ul>\n<ul class=\"detailed-parameter-list\">\n<li class=\"detailed-parameter-key\">\n<h4>GNSS<\/h4>\n<\/li>\n<li class=\"detailed-parameter\">\n<div class=\"detailed-parameter-value\">GPS+GLONASS+GALILEO<\/div>\n<\/li>\n<\/ul>\n<ul class=\"detailed-parameter-list\">\n<li class=\"detailed-parameter-key\">\n<h4>B\u00fassola<\/h4>\n<\/li>\n<li class=\"detailed-parameter\">\n<div class=\"detailed-parameter-value\">B\u00fassola unit\u00e1ria<\/div>\n<\/li>\n<\/ul>\n<ul class=\"detailed-parameter-list\">\n<li class=\"detailed-parameter-key\">\n<h4>UMI<\/h4>\n<\/li>\n<li class=\"detailed-parameter\">\n<div class=\"detailed-parameter-value\">UMI unit\u00e1ria<\/div>\n<\/li>\n<\/ul>\n<ul class=\"detailed-parameter-list\">\n<li class=\"detailed-parameter-key\">\n<h4>Armazenamento interno<\/h4>\n<\/li>\n<li class=\"detailed-parameter\">\n<div class=\"detailed-parameter-value\">8 GB<\/div>\n<\/li>\n<\/ul>\n<\/div>\n<div class=\"specs-parameter-wrap\">\n<h3 class=\"group-list-title\">BATERIA DE VOO INTELIGENTE<\/h3>\n<ul class=\"detailed-parameter-list\">\n<li class=\"detailed-parameter-key\">\n<h4>Capacidade<sup>[1]<\/sup><\/h4>\n<\/li>\n<li class=\"detailed-parameter\">\n<div class=\"detailed-parameter-value\">3.750 mAh \/ 3.500 mAh<\/div>\n<\/li>\n<\/ul>\n<ul class=\"detailed-parameter-list\">\n<li class=\"detailed-parameter-key\">\n<h4>Voltagem<\/h4>\n<\/li>\n<li class=\"detailed-parameter\">\n<div class=\"detailed-parameter-value\">11,04 V \/ 11,55 V<\/div>\n<\/li>\n<\/ul>\n<ul class=\"detailed-parameter-list\">\n<li class=\"detailed-parameter-key\">\n<h4>Limite de tens\u00e3o de carregamento<\/h4>\n<\/li>\n<li class=\"detailed-parameter\">\n<div class=\"detailed-parameter-value\">12,6 V \/ 13,2 V<\/div>\n<\/li>\n<\/ul>\n<ul class=\"detailed-parameter-list\">\n<li class=\"detailed-parameter-key\">\n<h4>Tipo de bateria<\/h4>\n<\/li>\n<li class=\"detailed-parameter\">\n<div class=\"detailed-parameter-value\">LiPo 3S<\/div>\n<\/li>\n<\/ul>\n<ul class=\"detailed-parameter-list\">\n<li class=\"detailed-parameter-key\">\n<h4>Energia<\/h4>\n<\/li>\n<li class=\"detailed-parameter\">\n<div class=\"detailed-parameter-value\">41,4 Wh \/ 40,42 Wh<\/div>\n<\/li>\n<\/ul>\n<ul class=\"detailed-parameter-list\">\n<li class=\"detailed-parameter-key\">\n<h4>Peso<\/h4>\n<\/li>\n<li class=\"detailed-parameter\">\n<div class=\"detailed-parameter-value\">198 g<\/div>\n<\/li>\n<\/ul>\n<ul class=\"detailed-parameter-list\">\n<li class=\"detailed-parameter-key\">\n<h4>Alcance da temperatura de carregamento<\/h4>\n<\/li>\n<li class=\"detailed-parameter\">\n<div class=\"detailed-parameter-value\">5\u00b0 a 40 \u00b0C<\/div>\n<\/li>\n<\/ul>\n<ul class=\"detailed-parameter-list\">\n<li class=\"detailed-parameter-key\">\n<h4>Pot\u00eancia m\u00e1x. de carregamento<\/h4>\n<\/li>\n<li class=\"detailed-parameter\">\n<div class=\"detailed-parameter-value\">38 W<\/div>\n<\/li>\n<\/ul>\n<ul class=\"detailed-parameter-list\">\n<li class=\"detailed-parameter-key\">\n<h4>Bateria integrada<\/h4>\n<\/li>\n<li class=\"detailed-parameter\">\n<div class=\"detailed-parameter-value\">N\/A<\/div>\n<\/li>\n<\/ul>\n<\/div>\n<div class=\"specs-parameter-wrap\">\n<h3 class=\"group-list-title\">C\u00c2MERA<\/h3>\n<ul class=\"detailed-parameter-list\">\n<li class=\"detailed-parameter-key\">\n<h4>Sensor<\/h4>\n<\/li>\n<li class=\"detailed-parameter\">\n<div class=\"detailed-parameter-value\">CMOS de 1\u201d<br \/>\nP\u00edxeis efetivos: 20 MP; dimens\u00f5es de p\u00edxeis de 2,4 \u03bcm<\/div>\n<\/li>\n<\/ul>\n<ul class=\"detailed-parameter-list\">\n<li class=\"detailed-parameter-key\">\n<h4>Lente<\/h4>\n<\/li>\n<li class=\"detailed-parameter\">\n<div class=\"detailed-parameter-value\">Campo de vis\u00e3o (FOV): 88\u00b0<br \/>\nFormato equivalente a 35 mm: 22 mm<br \/>\nAbertura: f\/2.8<br \/>\nAlcance de disparo: 0,6 m a \u221e<\/div>\n<\/li>\n<\/ul>\n<ul class=\"detailed-parameter-list\">\n<li class=\"detailed-parameter-key\">\n<h4>Alcance ISO<\/h4>\n<\/li>\n<li class=\"detailed-parameter\">\n<div class=\"detailed-parameter-value\">V\u00eddeo:<br \/>\n100-3200 (auto)<br \/>\n100-6400 (manual)<br \/>\nV\u00eddeos em Dlog-M de 10 bits:<br \/>\n100-800 (auto)<br \/>\n100-1600 (manual)<br \/>\nFoto:<br \/>\n100-3200 (auto)<br \/>\n100-12800 (manual)<\/div>\n<\/li>\n<\/ul>\n<ul class=\"detailed-parameter-list\">\n<li class=\"detailed-parameter-key\">\n<h4>Tamanho da imagem<\/h4>\n<\/li>\n<li class=\"detailed-parameter\">\n<div class=\"detailed-parameter-value\">20 MP<br \/>\n5472\u00d73648 (3:2)<br \/>\n5472\u00d73078 (16:9)<\/div>\n<\/li>\n<\/ul>\n<ul class=\"detailed-parameter-list\">\n<li class=\"detailed-parameter-key\">\n<h4>Modos de fotografia<\/h4>\n<\/li>\n<li class=\"detailed-parameter\">\n<div class=\"detailed-parameter-value\">Disparo \u00fanico: 20 MP<br \/>\nDisparo cont\u00ednuo: 20 MP (disparo cont\u00ednuo)<br \/>\nVaria\u00e7\u00e3o da exposi\u00e7\u00e3o autom\u00e1tica (AEB): 20 MP, 3\/5 quadros em bracketing a 0,7 EV bias<br \/>\nTemporizado: 20 MP; 2\/3\/5\/7\/10\/15\/20\/30\/60 seg.<br \/>\nSmartPhoto (incluindo HDR e HyperLight): 20 MP<br \/>\nPanor\u00e2mica em HDR<sup>[2]<\/sup>:<br \/>\nVertical (3\u00d71): 3328\u00d78000 (largura\u00d7altura)<br \/>\nAmpla (3\u00d73): 8000\u00d76144 (largura\u00d7altura)<br \/>\nPanor\u00e2mica em 180\u00b0 (3\u00d77): 8192\u00d73500 (largura\u00d7altura)<br \/>\nEsfera (3\u00d78+1): 8192\u00d74096 (largura\u00d7altura)<br \/>\nJPEG\/DNG (RAW)<\/div>\n<\/li>\n<\/ul>\n<ul class=\"detailed-parameter-list\">\n<li class=\"detailed-parameter-key\">\n<h4>Resolu\u00e7\u00f5es de v\u00eddeo<\/h4>\n<\/li>\n<li class=\"detailed-parameter\">\n<div class=\"detailed-parameter-value\">5,4K: 5472\u00d73078 a 24\/25\/30 fps<br \/>\n4K em Ultra HD: 3840\u00d72160 a 24\/25\/30\/48\/50\/60 fps<br \/>\n2,7K: 2688&#215;1512 a 24\/25\/30\/48\/50\/60 fps<br \/>\nFHD: 1920\u00d71080 a 24\/25\/30\/48\/50\/60\/120 fps<br \/>\nMP4\/MOV (H.264\/MPEG-4 AVC, H.265\/HEVC)<\/div>\n<\/li>\n<\/ul>\n<ul class=\"detailed-parameter-list\">\n<li class=\"detailed-parameter-key\">\n<h4>Taxa de bits m\u00e1x. do v\u00eddeo<\/h4>\n<\/li>\n<li class=\"detailed-parameter\">\n<div class=\"detailed-parameter-value\">150 Mbps<\/div>\n<\/li>\n<\/ul>\n<ul class=\"detailed-parameter-list\">\n<li class=\"detailed-parameter-key\">\n<h4>Sistema de arquivos suportados<\/h4>\n<\/li>\n<li class=\"detailed-parameter\">\n<div class=\"detailed-parameter-value\">FAT32\/exFAT<br \/>\nCompat\u00edvel com cart\u00f5es microSD com capacidade de at\u00e9 256 GB.<\/div>\n<\/li>\n<\/ul>\n<ul class=\"detailed-parameter-list\">\n<li class=\"detailed-parameter-key\">\n<h4>Zoom digital<\/h4>\n<\/li>\n<li class=\"detailed-parameter\">\n<div class=\"detailed-parameter-value\">Grava\u00e7\u00f5es com zoom n\u00e3o est\u00e3o dispon\u00edveis ao gravar v\u00eddeos em 10 bits e a 120 fps.<br \/>\n4K\/30 fps:<br \/>\n4x;<br \/>\n2.7K\/60 fps:<br \/>\n4x;<br \/>\n2.7K\/30 fps:<br \/>\n6x;<br \/>\n1080p\/60 fps:<br \/>\n6x;<br \/>\n1080p\/30 fps:<br \/>\n8x<\/div>\n<\/li>\n<\/ul>\n<\/div>\n<div class=\"specs-parameter-wrap\">\n<h3 class=\"group-list-title\">ESTABILIZADOR<\/h3>\n<ul class=\"detailed-parameter-list\">\n<li class=\"detailed-parameter-key\">\n<h4>Estabiliza\u00e7\u00e3o<\/h4>\n<\/li>\n<li class=\"detailed-parameter\">\n<div class=\"detailed-parameter-value\">Triaxial (inclina\u00e7\u00e3o, rota\u00e7\u00e3o, giro)<\/div>\n<\/li>\n<\/ul>\n<ul class=\"detailed-parameter-list\">\n<li class=\"detailed-parameter-key\">\n<h4>Alcance mec\u00e2nico<\/h4>\n<\/li>\n<li class=\"detailed-parameter\">\n<div class=\"detailed-parameter-value\">Inclina\u00e7\u00e3o: -135\u00b0 a 45\u00b0<br \/>\nRota\u00e7\u00e3o: -45\u00b0 a 45\u00b0<br \/>\nGiro: -100\u00b0 a 100\u00b0<\/div>\n<\/li>\n<\/ul>\n<ul class=\"detailed-parameter-list\">\n<li class=\"detailed-parameter-key\">\n<h4>Eixo de giro<\/h4>\n<\/li>\n<li class=\"detailed-parameter\">\n<div class=\"detailed-parameter-value\">N\u00e3o control\u00e1vel<\/div>\n<\/li>\n<\/ul>\n<ul class=\"detailed-parameter-list\">\n<li class=\"detailed-parameter-key\">\n<h4>Alcance control\u00e1vel<\/h4>\n<\/li>\n<li class=\"detailed-parameter\">\n<div class=\"detailed-parameter-value\">Inclina\u00e7\u00e3o: -90\u00b0 a 0\u00b0 (padr\u00e3o); -90\u00b0 a +24\u00b0 (estendido)<\/div>\n<\/li>\n<\/ul>\n<ul class=\"detailed-parameter-list\">\n<li class=\"detailed-parameter-key\">\n<h4>Velocidade m\u00e1x. control\u00e1vel (inclina\u00e7\u00e3o)<\/h4>\n<\/li>\n<li class=\"detailed-parameter\">\n<div class=\"detailed-parameter-value\">100 \u00b0\/s<\/div>\n<\/li>\n<\/ul>\n<ul class=\"detailed-parameter-list\">\n<li class=\"detailed-parameter-key\">\n<h4>Alcance da vibra\u00e7\u00e3o angular<\/h4>\n<\/li>\n<li class=\"detailed-parameter\">\n<div class=\"detailed-parameter-value\">\u00b10,01\u00b0<\/div>\n<\/li>\n<\/ul>\n<\/div>\n<div class=\"specs-parameter-wrap\">\n<h3 class=\"group-list-title\">SISTEMAS DE DETEC\u00c7\u00c3O<\/h3>\n<ul class=\"detailed-parameter-list\">\n<li class=\"detailed-parameter-key\">\n<h4>Frontal<\/h4>\n<\/li>\n<li class=\"detailed-parameter\">\n<div class=\"detailed-parameter-value\">Alcance da medida de precis\u00e3o: 0,38 a 23,8 m<br \/>\nVelocidade de detec\u00e7\u00e3o efetiva: \u226415 m\/s<br \/>\nCampo de vis\u00e3o (FOV): 72\u00b0 (horizontal)<br \/>\n58\u00b0 (vertical).<\/div>\n<\/li>\n<\/ul>\n<ul class=\"detailed-parameter-list\">\n<li class=\"detailed-parameter-key\">\n<h4>Traseiro<\/h4>\n<\/li>\n<li class=\"detailed-parameter\">\n<div class=\"detailed-parameter-value\">Alcance da medida de precis\u00e3o: 0,37 a 23,4 m<br \/>\nVelocidade de detec\u00e7\u00e3o efetiva: \u226412 m\/s<br \/>\nCampo de vis\u00e3o (FOV): 57\u00b0 (horizontal)<br \/>\n44\u00b0 (vertical).<\/div>\n<\/li>\n<\/ul>\n<ul class=\"detailed-parameter-list\">\n<li class=\"detailed-parameter-key\">\n<h4>Inferior<\/h4>\n<\/li>\n<li class=\"detailed-parameter\">\n<div class=\"detailed-parameter-value\">Alcance de medi\u00e7\u00e3o ToF: 0,1-8 m<br \/>\nAlcance de voo estacion\u00e1rio: 0,5-30 m<br \/>\nAlcance de voo estacion\u00e1rio do sensor visual: 0,5-60 m<\/div>\n<\/li>\n<\/ul>\n<ul class=\"detailed-parameter-list\">\n<li class=\"detailed-parameter-key\">\n<h4>Esquerdo\/Direito<\/h4>\n<\/li>\n<li class=\"detailed-parameter\">\n<div class=\"detailed-parameter-value\">N\/A<\/div>\n<\/li>\n<\/ul>\n<ul class=\"detailed-parameter-list\">\n<li class=\"detailed-parameter-key\">\n<h4>Superior<\/h4>\n<\/li>\n<li class=\"detailed-parameter\">\n<div class=\"detailed-parameter-value\">Alcance da medida de precis\u00e3o: 0,34 a 28,6 m<br \/>\nCampo de vis\u00e3o (FOV): 63\u00b0 (horizontal)<br \/>\n78\u00b0 (vertical).<\/div>\n<\/li>\n<\/ul>\n<ul class=\"detailed-parameter-list\">\n<li class=\"detailed-parameter-key\">\n<h4>Luz auxiliar inferior<\/h4>\n<\/li>\n<li class=\"detailed-parameter\">\n<div class=\"detailed-parameter-value\">LED unit\u00e1rio<\/div>\n<\/li>\n<\/ul>\n<\/div>\n<div class=\"specs-parameter-wrap\">\n<h3 class=\"group-list-title\">TRANSMISS\u00c3O DE V\u00cdDEO<\/h3>\n<ul class=\"detailed-parameter-list\">\n<li class=\"detailed-parameter-key\">\n<h4>Sistema de transmiss\u00e3o<\/h4>\n<\/li>\n<li class=\"detailed-parameter\">\n<div class=\"detailed-parameter-value\">O3<br \/>\nC\u00e2mbio autom\u00e1tico entre 2,4 GHz\/5,8 GHz (compat\u00edvel com OcuSync 2.0)<br \/>\n4 antenas 2T4R<\/div>\n<\/li>\n<\/ul>\n<ul class=\"detailed-parameter-list\">\n<li class=\"detailed-parameter-key\">\n<h4>Dist\u00e2ncia m\u00e1x. de transmiss\u00e3o<\/h4>\n<\/li>\n<li class=\"detailed-parameter\">\n<div class=\"detailed-parameter-value\">12 km (FCC), 8 km (CE)<br \/>\n8 km (SRRC), 8 km (MIC)<\/div>\n<\/li>\n<\/ul>\n<ul class=\"detailed-parameter-list\">\n<li class=\"detailed-parameter-key\">\n<h4>Qualidade\/lat\u00eancia da transmiss\u00e3o ao vivo<\/h4>\n<\/li>\n<li class=\"detailed-parameter\">\n<div class=\"detailed-parameter-value\">Drone + controle remoto: 1080p\/30 fps 12 Mbps 120 ms<br \/>\nDrone + Controle Inteligente DJI: 1080p\/30 fps 12Mbps 130 ms<\/div>\n<\/li>\n<\/ul>\n<ul class=\"detailed-parameter-list\">\n<li class=\"detailed-parameter-key\">\n<h4>Taxa m\u00e1x. de transmiss\u00e3o de bits<\/h4>\n<\/li>\n<li class=\"detailed-parameter\">\n<div class=\"detailed-parameter-value\">44 Mbps (taxa de bits)<br \/>\n16 Mbps (taxa de bits da transmiss\u00e3o ao vivo)<\/div>\n<\/li>\n<\/ul>\n<ul class=\"detailed-parameter-list\">\n<li class=\"detailed-parameter-key\">\n<h4>Frequ\u00eancias de funcionamento<\/h4>\n<\/li>\n<li class=\"detailed-parameter\">\n<div class=\"detailed-parameter-value\">2,4 GHz<br \/>\n5,8 GHz<\/div>\n<\/li>\n<\/ul>\n<\/div>\n<div class=\"specs-parameter-wrap\">\n<h3 class=\"group-list-title\">CONTROLE REMOTO<\/h3>\n<ul class=\"detailed-parameter-list\">\n<li class=\"detailed-parameter-key\">\n<h4>Controles m\u00faltiplos<\/h4>\n<\/li>\n<li class=\"detailed-parameter\">\n<div class=\"detailed-parameter-value\">N\/A<\/div>\n<\/li>\n<\/ul>\n<ul class=\"detailed-parameter-list\">\n<li class=\"detailed-parameter-key\">\n<h4>Controle Inteligente DJI<\/h4>\n<\/li>\n<li class=\"detailed-parameter\">\n<div class=\"detailed-parameter-value\">Suportado<\/div>\n<\/li>\n<\/ul>\n<ul class=\"detailed-parameter-list\">\n<li class=\"detailed-parameter-key\">\n<h4>Sistema de transmiss\u00e3o do controle remoto<\/h4>\n<\/li>\n<li class=\"detailed-parameter\">\n<div class=\"detailed-parameter-value\">Ao ser usado com diferentes configura\u00e7\u00f5es do hardware da aeronave, o controle remoto DJI RC-N1 selecionar\u00e1 automaticamente a vers\u00e3o do firmware correspondente para atualiza\u00e7\u00e3o, sendo compat\u00edvel com as mais recentes tecnologias de transmiss\u00e3o habilitadas pelo desempenho do hardware dos modelos de aeronaves vinculadas:<br \/>\na) DJI Mini 2\/DJI Mavic Air 2: O2<br \/>\nb) DJI Air 2S: O3<br \/>\nc) DJI Mavic 3: O3+<\/div>\n<\/li>\n<\/ul>\n<ul class=\"detailed-parameter-list\">\n<li class=\"detailed-parameter-key\">\n<h4>Dura\u00e7\u00e3o da bateria<\/h4>\n<\/li>\n<li class=\"detailed-parameter\">\n<div class=\"detailed-parameter-value\">6 horas (4 horas ao carregar um dispositivo m\u00f3vel)<\/div>\n<\/li>\n<\/ul>\n<ul class=\"detailed-parameter-list\">\n<li class=\"detailed-parameter-key\">\n<h4>Conectores de dispositivos m\u00f3veis suportados<\/h4>\n<\/li>\n<li class=\"detailed-parameter\">\n<div class=\"detailed-parameter-value\">Lightning, Micro USB, USB-C<\/div>\n<\/li>\n<\/ul>\n<ul class=\"detailed-parameter-list\">\n<li class=\"detailed-parameter-key\">\n<h4>Dimens\u00f5es m\u00e1x. dos dispositivos m\u00f3veis suportados<\/h4>\n<\/li>\n<li class=\"detailed-parameter\">\n<div class=\"detailed-parameter-value\">180 \u00d7 86 \u00d7 10 mm (comprimento \u00d7 largura \u00d7 altura)<\/div>\n<\/li>\n<\/ul>\n<ul class=\"detailed-parameter-list\">\n<li class=\"detailed-parameter-key\">\n<h4>Temperatura de funcionamento<\/h4>\n<\/li>\n<li class=\"detailed-parameter\">\n<div class=\"detailed-parameter-value\">0\u00b0 a 40 \u00b0C<\/div>\n<\/li>\n<\/ul>\n<ul class=\"detailed-parameter-list\">\n<li class=\"detailed-parameter-key\">\n<h4>Pot\u00eancia do transmissor (EIRP)<\/h4>\n<\/li>\n<li class=\"detailed-parameter\">\n<div class=\"detailed-parameter-value\">2,4 GHz:<br \/>\nFCC: \u226426 dBm<br \/>\nCE: \u226420 dBm<br \/>\nSRRC: \u226420 dBm<br \/>\nMIC: \u226420 dBm<br \/>\n5,8 GHz:<br \/>\nFCC: \u226426 dBm<br \/>\nCE: \u226414 dBm<br \/>\nSRRC: \u226426 dBm<\/div>\n<\/li>\n<\/ul>\n<\/div>\n<div class=\"specs-parameter-wrap\">\n<h3 class=\"group-list-title\">CARREGADOR<\/h3>\n<ul class=\"detailed-parameter-list\">\n<li class=\"detailed-parameter-key\">\n<h4>Entrada de carregamento<\/h4>\n<\/li>\n<li class=\"detailed-parameter\">\n<div class=\"detailed-parameter-value\">100 a 240 V; 50\/60 Hz; 1,3 A<\/div>\n<\/li>\n<\/ul>\n<ul class=\"detailed-parameter-list\">\n<li class=\"detailed-parameter-key\">\n<h4>Sa\u00edda de carregamento<\/h4>\n<\/li>\n<li class=\"detailed-parameter\">\n<div class=\"detailed-parameter-value\">Entrada de carregamento: 13,2 V\u23932,82 A<br \/>\nEntrada USB: 5 V\u23932 A<\/div>\n<\/li>\n<\/ul>\n<ul class=\"detailed-parameter-list\">\n<li class=\"detailed-parameter-key\">\n<h4>Voltagem<\/h4>\n<\/li>\n<li class=\"detailed-parameter\">\n<div class=\"detailed-parameter-value\">13,2 V<\/div>\n<\/li>\n<\/ul>\n<ul class=\"detailed-parameter-list\">\n<li class=\"detailed-parameter-key\">\n<h4>Pot\u00eancia nominal<\/h4>\n<\/li>\n<li class=\"detailed-parameter\">\n<div class=\"detailed-parameter-value\">38 W<\/div>\n<\/li>\n<\/ul>\n<\/div>\n<\/div>\n<\/div>\n<\/div>\n<\/section>\n<\/section>\n","protected":false},"excerpt":{"rendered":"<p>Contando com um sensor CMOS de 1\u201d, poderosas fun\u00e7\u00f5es inteligentes e uma estrutura compacta pesando menos de 600 g, o DJI Air 2S \u00e9 o drone ideal para fotografia a\u00e9rea em movimento. Leve esta poderosa ferramenta integrada onde quer que v\u00e1 e explore uma perspectiva do mundo ao seu redor de tirar o f\u00f4lego.<\/p>\n","protected":false},"featured_media":398,"comment_status":"open","ping_status":"closed","template":"","meta":{"spay_email":""},"class_list":{"0":"post-402","1":"product","2":"type-product","3":"status-publish","4":"has-post-thumbnail","6":"product_cat-multirrotores","8":"first","9":"onbackorder","10":"sale","11":"shipping-taxable","12":"purchasable","13":"product-type-simple"},"_links":{"self":[{"href":"https:\/\/loja.droneops.com.br\/index.php?rest_route=\/wp\/v2\/product\/402","targetHints":{"allow":["GET"]}}],"collection":[{"href":"https:\/\/loja.droneops.com.br\/index.php?rest_route=\/wp\/v2\/product"}],"about":[{"href":"https:\/\/loja.droneops.com.br\/index.php?rest_route=\/wp\/v2\/types\/product"}],"replies":[{"embeddable":true,"href":"https:\/\/loja.droneops.com.br\/index.php?rest_route=%2Fwp%2Fv2%2Fcomments&post=402"}],"wp:featuredmedia":[{"embeddable":true,"href":"https:\/\/loja.droneops.com.br\/index.php?rest_route=\/wp\/v2\/media\/398"}],"wp:attachment":[{"href":"https:\/\/loja.droneops.com.br\/index.php?rest_route=%2Fwp%2Fv2%2Fmedia&parent=402"}],"curies":[{"name":"wp","href":"https:\/\/api.w.org\/{rel}","templated":true}]}}