{"id":351,"date":"2021-04-03T13:15:53","date_gmt":"2021-04-03T16:15:53","guid":{"rendered":"https:\/\/loja.droneops.com.br\/?post_type=product&#038;p=351"},"modified":"2023-07-22T14:01:45","modified_gmt":"2023-07-22T17:01:45","slug":"vant-las-wingquad-5","status":"publish","type":"product","link":"https:\/\/loja.droneops.com.br\/?product=vant-las-wingquad-5","title":{"rendered":"VANT LAS WINGQUAD 5"},"content":{"rendered":"<div id='contact-form-351'>\n<form action='https:\/\/loja.droneops.com.br\/?product=vant-las-wingquad-5#contact-form-351' method='post' class='contact-form commentsblock'>\n\n<div class='grunion-field-wrap grunion-field-name-wrap'  >\n<label\n\t\t\t\tfor='g351-nome'\n\t\t\t\tclass='grunion-field-label name'\n\t\t\t\t>Nome<span>(obrigat\u00f3rio)<\/span><\/label>\n<input\n\t\t\t\t\ttype='text'\n\t\t\t\t\tname='g351-nome'\n\t\t\t\t\tid='g351-nome'\n\t\t\t\t\tvalue=''\n\t\t\t\t\tclass='name' \n\t\t\t\t\trequired aria-required='true'\n\t\t\t\t\/>\n\t<\/div>\n\n<div class='grunion-field-wrap grunion-field-email-wrap'  >\n<label\n\t\t\t\tfor='g351-email'\n\t\t\t\tclass='grunion-field-label email'\n\t\t\t\t>E-Mail<span>(obrigat\u00f3rio)<\/span><\/label>\n<input\n\t\t\t\t\ttype='email'\n\t\t\t\t\tname='g351-email'\n\t\t\t\t\tid='g351-email'\n\t\t\t\t\tvalue=''\n\t\t\t\t\tclass='email' \n\t\t\t\t\trequired aria-required='true'\n\t\t\t\t\/>\n\t<\/div>\n\n<div class='grunion-field-wrap grunion-field-textarea-wrap'  >\n<label\n\t\t\t\tfor='contact-form-comment-g351-texto'\n\t\t\t\tclass='grunion-field-label textarea'\n\t\t\t\t>Texto<\/label>\n<textarea\n\t\t                name='g351-texto'\n\t\t                id='contact-form-comment-g351-texto'\n\t\t                rows='20' class='textarea'  ><\/textarea>\n\t<\/div>\n\t<p class='contact-submit'>\n\t\t<button type='submit' class='pushbutton-wide'>Enviar<\/button>\t\t<input type='hidden' name='contact-form-id' value='351' \/>\n\t\t<input type='hidden' name='action' value='grunion-contact-form' \/>\n\t\t<input type='hidden' name='contact-form-hash' value='366450c9243f143a53a59ead423a7010f36dc8a3' \/>\n\t<\/p>\n<\/form>\n<\/div>\n","protected":false},"excerpt":{"rendered":"<p>O WINGQUAD 5 \u00e9 um drone desenvolvido pela Latitude Aerospace\u00ae, empresa com sede em Miami, Estados Unidos, e com 12 anos de experi\u00eancia no desenvolvimento de drones de asas fixas e VTOL.<\/p>\n<p>O WINGQUAD 5 \u00e9 um equipamento de alta qualidade e baixo custo, se comparado com os seus concorrentes diretos. \u00c9 compat\u00edvel com os principais sensores RGB e multiespectrais do mercado(vendidos separadamente).<\/p>\n<p>Para mais informa\u00e7\u00f5es\u00a0<strong>preencha o formul\u00e1rio de contato abaixo\u00a0<\/strong>que entraremos em contato o mais breve poss\u00edvel.<\/p>\n","protected":false},"featured_media":352,"comment_status":"open","ping_status":"closed","template":"","meta":{"spay_email":""},"class_list":{"0":"post-351","1":"product","2":"type-product","3":"status-publish","4":"has-post-thumbnail","6":"product_cat-vtol","8":"first","9":"outofstock","10":"sold-individually","11":"shipping-taxable","12":"product-type-simple"},"_links":{"self":[{"href":"https:\/\/loja.droneops.com.br\/index.php?rest_route=\/wp\/v2\/product\/351","targetHints":{"allow":["GET"]}}],"collection":[{"href":"https:\/\/loja.droneops.com.br\/index.php?rest_route=\/wp\/v2\/product"}],"about":[{"href":"https:\/\/loja.droneops.com.br\/index.php?rest_route=\/wp\/v2\/types\/product"}],"replies":[{"embeddable":true,"href":"https:\/\/loja.droneops.com.br\/index.php?rest_route=%2Fwp%2Fv2%2Fcomments&post=351"}],"wp:featuredmedia":[{"embeddable":true,"href":"https:\/\/loja.droneops.com.br\/index.php?rest_route=\/wp\/v2\/media\/352"}],"wp:attachment":[{"href":"https:\/\/loja.droneops.com.br\/index.php?rest_route=%2Fwp%2Fv2%2Fmedia&parent=351"}],"curies":[{"name":"wp","href":"https:\/\/api.w.org\/{rel}","templated":true}]}}