{"id":58,"date":"2021-03-10T15:45:43","date_gmt":"2021-03-10T18:45:43","guid":{"rendered":"https:\/\/loja.droneops.com.br\/?page_id=58"},"modified":"2021-03-16T16:01:24","modified_gmt":"2021-03-16T19:01:24","slug":"sobre-nos","status":"publish","type":"page","link":"https:\/\/loja.droneops.com.br\/","title":{"rendered":""},"content":{"rendered":"<div id=\"pl-58\"  class=\"panel-layout\" ><div id=\"pg-58-0\"  class=\"panel-grid panel-no-style\" ><div id=\"pgc-58-0-0\"  class=\"panel-grid-cell\" ><div id=\"panel-58-0-0-0\" class=\"so-panel widget widget_sow-editor panel-first-child\" data-index=\"0\" ><div class=\"so-widget-sow-editor so-widget-sow-editor-base\">\n<div class=\"siteorigin-widget-tinymce textwidget\">\n\t<h1 style=\"text-align: center;\"><strong>Bem vindo a loja da DroneOps!<\/strong><\/h1>\n<\/div>\n<\/div><\/div><div id=\"panel-58-0-0-1\" class=\"so-panel widget widget_sow-slider panel-last-child\" data-index=\"1\" ><div class=\"so-widget-sow-slider so-widget-sow-slider-default-69edbf05746f\"><div class=\"sow-slider-base \" style=\"display: none\"><ul class=\"sow-slider-images\" data-settings=\"{&quot;pagination&quot;:true,&quot;speed&quot;:800,&quot;timeout&quot;:3000,&quot;paused&quot;:false,&quot;pause_on_hover&quot;:false,&quot;swipe&quot;:true,&quot;nav_always_show_mobile&quot;:true,&quot;breakpoint&quot;:&quot;780px&quot;}\">\t\t<li class=\"sow-slider-image  sow-slider-image-cover\" style=\"background-image: url(https:\/\/i0.wp.com\/loja.droneops.com.br\/wp-content\/uploads\/2021\/03\/mavic_mini_1.png?fit=658%2C409&#038;ssl=1)\" >\n\t\t\t\t\t\t\t\t\t<img fetchpriority=\"high\" decoding=\"async\" width=\"658\" height=\"409\" src=\"https:\/\/i0.wp.com\/loja.droneops.com.br\/wp-content\/uploads\/2021\/03\/mavic_mini_1.png?fit=658%2C409&amp;ssl=1\" class=\"sow-slider-background-image\" alt=\"\" loading=\"eager\" srcset=\"https:\/\/i0.wp.com\/loja.droneops.com.br\/wp-content\/uploads\/2021\/03\/mavic_mini_1.png?w=658&amp;ssl=1 658w, https:\/\/i0.wp.com\/loja.droneops.com.br\/wp-content\/uploads\/2021\/03\/mavic_mini_1.png?resize=300%2C186&amp;ssl=1 300w, https:\/\/i0.wp.com\/loja.droneops.com.br\/wp-content\/uploads\/2021\/03\/mavic_mini_1.png?resize=416%2C259&amp;ssl=1 416w\" sizes=\"(max-width: 658px) 100vw, 658px\" \/>\t\t\t\t\t\t\t\t<\/li>\n\t\t\t\t<li class=\"sow-slider-image  sow-slider-image-cover\" style=\"background-image: url(https:\/\/i0.wp.com\/loja.droneops.com.br\/wp-content\/uploads\/2021\/03\/DSC_7053.png?fit=2500%2C1655&#038;ssl=1)\" >\n\t\t\t\t\t\t\t\t\t<img decoding=\"async\" width=\"2500\" height=\"1655\" src=\"https:\/\/i0.wp.com\/loja.droneops.com.br\/wp-content\/uploads\/2021\/03\/DSC_7053.png?fit=2500%2C1655&amp;ssl=1\" class=\"sow-slider-background-image\" alt=\"\" loading=\"eager\" srcset=\"https:\/\/i0.wp.com\/loja.droneops.com.br\/wp-content\/uploads\/2021\/03\/DSC_7053.png?w=2500&amp;ssl=1 2500w, https:\/\/i0.wp.com\/loja.droneops.com.br\/wp-content\/uploads\/2021\/03\/DSC_7053.png?resize=300%2C199&amp;ssl=1 300w, https:\/\/i0.wp.com\/loja.droneops.com.br\/wp-content\/uploads\/2021\/03\/DSC_7053.png?resize=1024%2C678&amp;ssl=1 1024w, https:\/\/i0.wp.com\/loja.droneops.com.br\/wp-content\/uploads\/2021\/03\/DSC_7053.png?resize=768%2C508&amp;ssl=1 768w, https:\/\/i0.wp.com\/loja.droneops.com.br\/wp-content\/uploads\/2021\/03\/DSC_7053.png?resize=1536%2C1017&amp;ssl=1 1536w, https:\/\/i0.wp.com\/loja.droneops.com.br\/wp-content\/uploads\/2021\/03\/DSC_7053.png?resize=2048%2C1356&amp;ssl=1 2048w, https:\/\/i0.wp.com\/loja.droneops.com.br\/wp-content\/uploads\/2021\/03\/DSC_7053.png?resize=416%2C275&amp;ssl=1 416w, https:\/\/i0.wp.com\/loja.droneops.com.br\/wp-content\/uploads\/2021\/03\/DSC_7053.png?w=1960&amp;ssl=1 1960w\" sizes=\"(max-width: 980px) 100vw, 980px\" \/>\t\t\t\t\t\t\t\t<\/li>\n\t\t\t\t<li class=\"sow-slider-image  sow-slider-image-cover\" style=\"background-image: url(https:\/\/i1.wp.com\/loja.droneops.com.br\/wp-content\/uploads\/2021\/03\/DSC_0462-1.png?fit=2500%2C1655&#038;ssl=1)\" >\n\t\t\t\t\t\t\t\t\t<img decoding=\"async\" width=\"2500\" height=\"1655\" src=\"https:\/\/i1.wp.com\/loja.droneops.com.br\/wp-content\/uploads\/2021\/03\/DSC_0462-1.png?fit=2500%2C1655&amp;ssl=1\" class=\"sow-slider-background-image\" alt=\"\" loading=\"eager\" srcset=\"https:\/\/i1.wp.com\/loja.droneops.com.br\/wp-content\/uploads\/2021\/03\/DSC_0462-1.png?w=2500&amp;ssl=1 2500w, https:\/\/i1.wp.com\/loja.droneops.com.br\/wp-content\/uploads\/2021\/03\/DSC_0462-1.png?resize=300%2C199&amp;ssl=1 300w, https:\/\/i1.wp.com\/loja.droneops.com.br\/wp-content\/uploads\/2021\/03\/DSC_0462-1.png?resize=1024%2C678&amp;ssl=1 1024w, https:\/\/i1.wp.com\/loja.droneops.com.br\/wp-content\/uploads\/2021\/03\/DSC_0462-1.png?resize=768%2C508&amp;ssl=1 768w, https:\/\/i1.wp.com\/loja.droneops.com.br\/wp-content\/uploads\/2021\/03\/DSC_0462-1.png?resize=1536%2C1017&amp;ssl=1 1536w, https:\/\/i1.wp.com\/loja.droneops.com.br\/wp-content\/uploads\/2021\/03\/DSC_0462-1.png?resize=2048%2C1356&amp;ssl=1 2048w, https:\/\/i1.wp.com\/loja.droneops.com.br\/wp-content\/uploads\/2021\/03\/DSC_0462-1.png?resize=416%2C275&amp;ssl=1 416w, https:\/\/i1.wp.com\/loja.droneops.com.br\/wp-content\/uploads\/2021\/03\/DSC_0462-1.png?w=1960&amp;ssl=1 1960w\" sizes=\"(max-width: 980px) 100vw, 980px\" \/>\t\t\t\t\t\t\t\t<\/li>\n\t\t<\/ul>\t\t\t\t<ol class=\"sow-slider-pagination\">\n\t\t\t\t\t\t\t\t\t\t\t<li><a href=\"#\" data-goto=\"0\" aria-label=\"display slide 1\"><\/a><\/li>\n\t\t\t\t\t\t\t\t\t\t\t<li><a href=\"#\" data-goto=\"1\" aria-label=\"display slide 2\"><\/a><\/li>\n\t\t\t\t\t\t\t\t\t\t\t<li><a href=\"#\" data-goto=\"2\" aria-label=\"display slide 3\"><\/a><\/li>\n\t\t\t\t\t\t\t\t\t<\/ol>\n\n\t\t\t\t<div class=\"sow-slide-nav sow-slide-nav-next\">\n\t\t\t\t\t<a href=\"#\" data-goto=\"next\" aria-label=\"next slide\" data-action=\"next\">\n\t\t\t\t\t\t<em class=\"sow-sld-icon-ultra-thin-right\"><\/em>\n\t\t\t\t\t<\/a>\n\t\t\t\t<\/div>\n\n\t\t\t\t<div class=\"sow-slide-nav sow-slide-nav-prev\">\n\t\t\t\t\t<a href=\"#\" data-goto=\"previous\" aria-label=\"previous slide\" data-action=\"prev\">\n\t\t\t\t\t\t<em class=\"sow-sld-icon-ultra-thin-left\"><\/em>\n\t\t\t\t\t<\/a>\n\t\t\t\t<\/div>\n\t\t\t\t<\/div><\/div><\/div><\/div><\/div><div id=\"pg-58-1\"  class=\"panel-grid panel-no-style\" ><div id=\"pgc-58-1-0\"  class=\"panel-grid-cell\" ><div id=\"panel-58-1-0-0\" class=\"so-panel widget widget_sow-editor panel-first-child panel-last-child\" data-index=\"2\" ><div class=\"so-widget-sow-editor so-widget-sow-editor-base\">\n<div class=\"siteorigin-widget-tinymce textwidget\">\n\t<p>&nbsp;<\/p>\n<h2 style=\"text-align: center;\"><strong>Trabalhamos com o que h\u00e1 de melhor na ind\u00fastria de Drones.<\/strong><\/h2>\n<p><img loading=\"lazy\" decoding=\"async\" class=\"alignnone size-medium wp-image-22 aligncenter\" src=\"https:\/\/i2.wp.com\/loja.droneops.com.br\/wp-content\/uploads\/2021\/03\/LAS_transparent.png?resize=300%2C139&#038;ssl=1\" alt=\"\" width=\"300\" height=\"139\" srcset=\"https:\/\/i2.wp.com\/loja.droneops.com.br\/wp-content\/uploads\/2021\/03\/LAS_transparent.png?resize=300%2C139&amp;ssl=1 300w, https:\/\/i2.wp.com\/loja.droneops.com.br\/wp-content\/uploads\/2021\/03\/LAS_transparent.png?resize=1024%2C473&amp;ssl=1 1024w, https:\/\/i2.wp.com\/loja.droneops.com.br\/wp-content\/uploads\/2021\/03\/LAS_transparent.png?resize=768%2C355&amp;ssl=1 768w, https:\/\/i2.wp.com\/loja.droneops.com.br\/wp-content\/uploads\/2021\/03\/LAS_transparent.png?resize=1536%2C710&amp;ssl=1 1536w, https:\/\/i2.wp.com\/loja.droneops.com.br\/wp-content\/uploads\/2021\/03\/LAS_transparent.png?resize=416%2C192&amp;ssl=1 416w, https:\/\/i2.wp.com\/loja.droneops.com.br\/wp-content\/uploads\/2021\/03\/LAS_transparent.png?w=1752&amp;ssl=1 1752w\" sizes=\"auto, (max-width: 300px) 100vw, 300px\" data-recalc-dims=\"1\" \/><\/p>\n<p><img loading=\"lazy\" decoding=\"async\" class=\"alignnone size-medium wp-image-23 aligncenter\" src=\"https:\/\/i1.wp.com\/loja.droneops.com.br\/wp-content\/uploads\/2021\/03\/logo_DJI.png?resize=300%2C173&#038;ssl=1\" alt=\"\" width=\"300\" height=\"173\" srcset=\"https:\/\/i1.wp.com\/loja.droneops.com.br\/wp-content\/uploads\/2021\/03\/logo_DJI.png?resize=300%2C173&amp;ssl=1 300w, https:\/\/i1.wp.com\/loja.droneops.com.br\/wp-content\/uploads\/2021\/03\/logo_DJI.png?resize=416%2C240&amp;ssl=1 416w, https:\/\/i1.wp.com\/loja.droneops.com.br\/wp-content\/uploads\/2021\/03\/logo_DJI.png?w=700&amp;ssl=1 700w\" sizes=\"auto, (max-width: 300px) 100vw, 300px\" data-recalc-dims=\"1\" \/><\/p>\n<\/div>\n<\/div><\/div><\/div><\/div><div id=\"pg-58-2\"  class=\"panel-grid panel-no-style\" ><div id=\"pgc-58-2-0\"  class=\"panel-grid-cell\" ><div id=\"panel-58-2-0-0\" class=\"so-panel widget widget_sow-editor panel-first-child panel-last-child\" data-index=\"3\" ><div class=\"so-widget-sow-editor so-widget-sow-editor-base\">\n<div class=\"siteorigin-widget-tinymce textwidget\">\n\t<div class=\"nk-awb \" ><\/p>\n<p>&nbsp;<\/p>\n<p>&nbsp;<\/p>\n<p>&nbsp;<\/p>\n<h2 style=\"text-align: center;\"><strong>Ter um drone \u00e9 muito mais do que ir na loja e comprar um.<\/strong><\/h2>\n<h2><\/h2>\n<h2 style=\"text-align: left;\"><strong>Voc\u00ea sabia que ao adquirir um drone \u00e9 necess\u00e1rio se adequar a algumas normas e regras para atender a legisla\u00e7\u00e3o brasileira?<\/strong><\/h2>\n<h2><\/h2>\n<h2 style=\"text-align: left;\">\u00a0<strong>Nossos drones s\u00e3o entregues com voc\u00ea e sua aeronave j\u00e1 cadastrados junto a Ag\u00eancia Nacional de Avia\u00e7\u00e3o Civil(ANAC) e Departamento de Controle do Espa\u00e7o A\u00e9reo(DECEA)!<\/strong><\/h2>\n<p>&nbsp;<\/p>\n<h2><\/h2>\n<h2 style=\"text-align: left;\"><strong>SEM NENHUM CUSTO ADICIONAL, sem asteriscos.\u00a0 \u00a0 \u00a0 \u00a0 \u00a0 \u00a0 \u00a0 \u00a0 \u00a0 \u00a0 \u00a0 \u00a0 \u00a0 \u00a0 \u00a0 \u00a0 \u00a0\u00a0<\/strong><\/h2>\n<p>&nbsp;<\/p>\n<p>&nbsp;<\/p>\n<p>&nbsp;<\/p>\n<p>&nbsp;<\/p>\n<p>&nbsp;<\/p>\n<p>&nbsp;<\/p>\n<p><div class=\"nk-awb-wrap\" data-awb-type=\"yt_vm_video\" data-awb-stretch=\"true\" data-awb-image-background-size=\"cover\" data-awb-image-background-position=\"50% 50%\" data-awb-video=\"https:\/\/youtu.be\/vWfr8iR3gtI\" data-awb-video-start-time=\"0\" data-awb-video-end-time=\"0\" data-awb-video-volume=\"0\" data-awb-video-always-play=\"true\" data-awb-video-mobile=\"true\"><div  class=\"nk-awb-inner\"><\/div><\/div><\/div>\n<\/div>\n<\/div><\/div><\/div><\/div><\/div>","protected":false},"excerpt":{"rendered":"<p>Bem vindo a loja da DroneOps! &nbsp; Trabalhamos com o que h\u00e1 de melhor na ind\u00fastria de Drones.<\/p>\n","protected":false},"author":1,"featured_media":0,"parent":0,"menu_order":0,"comment_status":"closed","ping_status":"closed","template":"template-homepage.php","meta":{"spay_email":"","footnotes":""},"class_list":["post-58","page","type-page","status-publish","hentry"],"_links":{"self":[{"href":"https:\/\/loja.droneops.com.br\/index.php?rest_route=\/wp\/v2\/pages\/58","targetHints":{"allow":["GET"]}}],"collection":[{"href":"https:\/\/loja.droneops.com.br\/index.php?rest_route=\/wp\/v2\/pages"}],"about":[{"href":"https:\/\/loja.droneops.com.br\/index.php?rest_route=\/wp\/v2\/types\/page"}],"author":[{"embeddable":true,"href":"https:\/\/loja.droneops.com.br\/index.php?rest_route=\/wp\/v2\/users\/1"}],"replies":[{"embeddable":true,"href":"https:\/\/loja.droneops.com.br\/index.php?rest_route=%2Fwp%2Fv2%2Fcomments&post=58"}],"version-history":[{"count":70,"href":"https:\/\/loja.droneops.com.br\/index.php?rest_route=\/wp\/v2\/pages\/58\/revisions"}],"predecessor-version":[{"id":297,"href":"https:\/\/loja.droneops.com.br\/index.php?rest_route=\/wp\/v2\/pages\/58\/revisions\/297"}],"wp:attachment":[{"href":"https:\/\/loja.droneops.com.br\/index.php?rest_route=%2Fwp%2Fv2%2Fmedia&parent=58"}],"curies":[{"name":"wp","href":"https:\/\/api.w.org\/{rel}","templated":true}]}}